{"id":4422,"date":"2025-05-12T14:14:33","date_gmt":"2025-05-12T14:14:33","guid":{"rendered":"https:\/\/pharmanomos.ch\/datenschutzbestimmungen\/"},"modified":"2025-07-23T08:56:57","modified_gmt":"2025-07-23T08:56:57","slug":"datenschutzbestimmungen","status":"publish","type":"page","link":"https:\/\/pharmanomos.ch\/de\/datenschutzbestimmungen\/","title":{"rendered":"Datenschutzbestimmungen"},"content":{"rendered":"\n<div style=\"height:100px\" aria-hidden=\"true\" class=\"wp-block-spacer\"><\/div>\n\n<!-- WEBSITE PRIVACY NOTICE PHARMANOMOS -->\n<section class=\"privacy-notice\">\n  <h1>WEBSITE-DATENSCHUTZHINWEIS<\/h1>\n\n  <h2>1. EINLEITUNG<\/h2>\n  <p>PHARMANOMOS Sagl, ein nach Schweizer Recht gegr\u00fcndetes und bestehendes Unternehmen mit Sitz in Via Luigi Lavizzari 25, 6850 &#8211; Mendrisio, Schweiz (&#8222;PHARMANOMOS&#8220;) ist der f\u00fcr diese Website (die &#8222;Site&#8220;) verantwortliche Datenverwalter.<\/p>\n  <p>PHARMANOMOS respektiert die Privatsph\u00e4re der G\u00e4ste der Website und verpflichtet sich zum Schutz ihrer pers\u00f6nlichen Daten und Informationen. PHARMANOMOS verpflichtet sich, die Sicherheit der gesammelten Daten zu sch\u00fctzen und ergreift wirtschaftlich angemessene Ma\u00dfnahmen, um diese Daten vor versehentlicher oder unrechtm\u00e4\u00dfiger Zerst\u00f6rung, versehentlichem Verlust, unbefugter \u00c4nderung, unbefugter Weitergabe oder unbefugtem Zugriff, Missbrauch und allen anderen unrechtm\u00e4\u00dfigen Formen der Verarbeitung zu sch\u00fctzen. <\/p>\n  <p>In Anbetracht des Vorstehenden und in \u00dcbereinstimmung mit dem Schweizerischen Bundesgesetz \u00fcber den Datenschutz (DSG) stellt PHARMANOMOS hiermit den folgenden Datenschutzhinweis (der &#8222;Datenschutzhinweis&#8220;) zur Verf\u00fcgung, um die Besucher der Website (jeweils ein &#8222;Betroffener&#8220;) zu informieren.<\/p>\n  <p>Alle von PHARMANOMOS gesammelten Daten werden in \u00dcbereinstimmung mit diesen Datenschutzbestimmungen und in voller \u00dcbereinstimmung mit dem DSG behandelt.<\/p>\n\n  <h2>2. DEFINITIONEN<\/h2>\n  <p><strong>Personenbezogene Daten:<\/strong> alle Informationen \u00fcber eine betroffene Person, die sie identifizieren oder identifizierbar machen. \u00dcber die Website sammelt PHARMANOMOS verschiedene personenbezogene Daten, einschlie\u00dflich, aber nicht beschr\u00e4nkt auf: Name, Nachname, E-Mail-Adresse, Telefonnummer, IP-Adresse. <\/p>\n  <p><strong>Verarbeitung:<\/strong> jeder mit oder ohne Hilfe automatisierter Verfahren ausgef\u00fchrte Vorgang oder jede Vorgangsreihe im Zusammenhang mit personenbezogenen Daten oder einer Reihe personenbezogener Daten wie das Erheben, das Speichern, die Organisation, die Strukturierung, die Aufbewahrung, die Anpassung oder Ver\u00e4nderung, das Auslesen, das Abfragen, die Benutzung, die \u00dcbermittlung durch \u00dcbermittlung, Verbreitung oder jede andere Form der Bereitstellung, den Abgleich oder die Verkn\u00fcpfung, die Einschr\u00e4nkung, das L\u00f6schen oder die Vernichtung.<\/p>\n  <p><strong>Betroffene Person:<\/strong> ist die identifizierte oder identifizierbare nat\u00fcrliche Person. Als Beispiel (ohne Anspruch auf Vollst\u00e4ndigkeit): der Nutzer, der auf der Plattform navigiert und \u00fcber die Plattform eine Informationsanfrage stellt. <\/p>\n\n  <h2>3. KATEGORIEN VON PERSONENBEZOGENEN DATEN, DIE VON PHARMANOMOS VERARBEITET WERDEN<\/h2>\n  <ul>\n    <li><strong>Navigationsdaten:<\/strong> werden automatisch von der Website erfasst. Sie identifizieren den Benutzer zwar nicht direkt, k\u00f6nnen aber zur Identifizierung f\u00fchren, wenn sie mit anderen Daten verkn\u00fcpft werden. Dazu geh\u00f6ren IP-Adressen, URIs, Verweildauer auf der Website, Informationen \u00fcber das Betriebssystem und das Navigationsverhalten.  <\/li>\n    <li><strong>Freiwillig preisgegebene Daten:<\/strong> Dazu geh\u00f6ren Name, Vorname, Adresse, E-Mail, Telefon, Nationalit\u00e4t &#8211; die \u00fcber Formulare \u00fcbermittelt werden, um auf spezifische Anfragen von Benutzern zu reagieren.<\/li>\n  <\/ul>\n\n  <h2>4. ZWECKE DER VERARBEITUNG<\/h2>\n  <ul>\n    <li><strong>Betrieb der Website:<\/strong> f\u00fcr das Browsen, die Anzeige von Inhalten und die technische Verwaltung. Dazu geh\u00f6rt auch die automatische Daten\u00fcbertragung \u00fcber Internetprotokolle. Die Daten sind f\u00fcr die Funktionalit\u00e4t der Plattform zwingend erforderlich.  <\/li>\n    <li><strong>Kontaktanfragen:<\/strong> Daten wie Name und E-Mail, die zur Beantwortung von Anfragen \u00fcber Kontaktformulare verwendet werden.<\/li>\n  <\/ul>\n  <p>Rechtsgrundlage: berechtigtes Interesse oder vorvertragliche Ma\u00dfnahmen. Datenspeicherung: Sitzungsdauer f\u00fcr die Navigation; 10 Jahre f\u00fcr die Daten des Kontaktformulars. <\/p>\n\n  <h2>5. WEITERGABE DER PERS\u00d6NLICHEN DATEN AN DRITTE<\/h2>\n  <p>Die Daten k\u00f6nnen an IT-Dienstleister, Webplattform-Manager und Beh\u00f6rden weitergegeben werden, um gesetzliche Pflichten zu erf\u00fcllen.<\/p>\n\n  <h2>6. INTERNATIONALE \u00dcBERMITTLUNG VON PERSONENBEZOGENEN DATEN<\/h2>\n  <p>Diese Website wird in der Schweiz gehostet. Keine Daten\u00fcbertragung au\u00dferhalb der Schweizerischen Eidgenossenschaft. <\/p>\n\n  <h2>7. LINKS ZU DEN WEBSITES VON DRITTANBIETERN<\/h2>\n  <p>Es k\u00f6nnen externe Links angegeben werden. PHARMANOMOS ist nicht verantwortlich f\u00fcr die Datenverarbeitung oder den Inhalt dieser Websites Dritter. <\/p>\n\n  <h2>8. RECHTE DER BETROFFENEN PERSONEN<\/h2>\n  <p>Im Rahmen des FADP k\u00f6nnen Benutzer einen Antrag stellen:<\/p>\n  <ul>\n    <li>Berichtigung unzutreffender Daten<\/li>\n    <li>Informationen zur Datenverarbeitung<\/li>\n    <li>Entzug der Zustimmung<\/li>\n    <li>Verhinderung der gemeinsamen Nutzung von Daten<\/li>\n    <li>\u00dcberpr\u00fcfung von automatisierten Entscheidungen<\/li>\n    <li>\u00dcbertragbarkeit von Daten<\/li>\n    <li>Aussetzung oder Vernichtung von Daten<\/li>\n    <li>Anmerkung zu strittigen Daten<\/li>\n    <li>Benachrichtigung Dritter \u00fcber Aktionen<\/li>\n    <li>Best\u00e4tigung einer unrechtm\u00e4\u00dfigen Verarbeitung<\/li>\n  <\/ul>\n  <p>Kontakt: <a href=\"mailto:info@pharmanomos.ch\">info@pharmanomos.ch<\/a><\/p>\n\n  <h2>9. AKTUALISIERUNGEN DES DATENSCHUTZHINWEISES<\/h2>\n  <p>PHARMANOMOS kann diesen Hinweis ohne vorherige Ank\u00fcndigung aktualisieren. Wir empfehlen den Benutzern, sie regelm\u00e4\u00dfig zu \u00fcberpr\u00fcfen. <\/p>\n\n  <h2>10. KONTAKTINFORMATIONEN<\/h2>\n  <address>\n  PHARMANOMOS Sagl<br\/> Via Luigi Lavizzari 25, 6850 &#8211; Mendrisio, Schweiz<br\/> Email: <a href=\"mailto:info@pharmanomos.ch\">info@pharmanomos.ch<\/a>\n  <\/address>\n\n  <p><strong>BITTE BEACHTEN SIE, DASS SIE MIT DER NUTZUNG DIESER WEBSITE DIE BEDINGUNGEN DES DATENSCHUTZHINWEISES UND SEINER AKTUALISIERUNGEN AKZEPTIEREN.<\/strong><\/p>\n  <p><em>Letztes Update: Juni 4, 2025<\/em><\/p>\n<\/section>\n<!-- \/WEBSITE PRIVACY NOTICE -->\n\n<div style=\"height:100px\" aria-hidden=\"true\" class=\"wp-block-spacer\"><\/div>\n","protected":false},"excerpt":{"rendered":"<p>WEBSITE-DATENSCHUTZHINWEIS 1. EINLEITUNG PHARMANOMOS Sagl, ein nach Schweizer Recht gegr\u00fcndetes und bestehendes Unternehmen mit Sitz in Via Luigi Lavizzari 25, 6850 &#8211; Mendrisio, Schweiz (&#8222;PHARMANOMOS&#8220;) ist der f\u00fcr diese Website (die &#8222;Site&#8220;) verantwortliche Datenverwalter. PHARMANOMOS respektiert die Privatsph\u00e4re der G\u00e4ste der Website und verpflichtet sich zum Schutz ihrer pers\u00f6nlichen Daten und Informationen. PHARMANOMOS verpflichtet sich, [&hellip;]<\/p>\n","protected":false},"author":1,"featured_media":0,"parent":0,"menu_order":0,"comment_status":"closed","ping_status":"open","template":"","meta":{"_uag_custom_page_level_css":"","site-sidebar-layout":"default","site-content-layout":"","ast-site-content-layout":"default","site-content-style":"default","site-sidebar-style":"default","ast-global-header-display":"","ast-banner-title-visibility":"","ast-main-header-display":"","ast-hfb-above-header-display":"","ast-hfb-below-header-display":"","ast-hfb-mobile-header-display":"","site-post-title":"","ast-breadcrumbs-content":"","ast-featured-img":"","footer-sml-layout":"","theme-transparent-header-meta":"","adv-header-id-meta":"","stick-header-meta":"","header-above-stick-meta":"","header-main-stick-meta":"","header-below-stick-meta":"","astra-migrate-meta-layouts":"default","ast-page-background-enabled":"default","ast-page-background-meta":{"desktop":{"background-color":"var(--ast-global-color-4)","background-image":"","background-repeat":"repeat","background-position":"center center","background-size":"auto","background-attachment":"scroll","background-type":"","background-media":"","overlay-type":"","overlay-color":"","overlay-opacity":"","overlay-gradient":""},"tablet":{"background-color":"","background-image":"","background-repeat":"repeat","background-position":"center center","background-size":"auto","background-attachment":"scroll","background-type":"","background-media":"","overlay-type":"","overlay-color":"","overlay-opacity":"","overlay-gradient":""},"mobile":{"background-color":"","background-image":"","background-repeat":"repeat","background-position":"center center","background-size":"auto","background-attachment":"scroll","background-type":"","background-media":"","overlay-type":"","overlay-color":"","overlay-opacity":"","overlay-gradient":""}},"ast-content-background-meta":{"desktop":{"background-color":"var(--ast-global-color-5)","background-image":"","background-repeat":"repeat","background-position":"center center","background-size":"auto","background-attachment":"scroll","background-type":"","background-media":"","overlay-type":"","overlay-color":"","overlay-opacity":"","overlay-gradient":""},"tablet":{"background-color":"var(--ast-global-color-5)","background-image":"","background-repeat":"repeat","background-position":"center center","background-size":"auto","background-attachment":"scroll","background-type":"","background-media":"","overlay-type":"","overlay-color":"","overlay-opacity":"","overlay-gradient":""},"mobile":{"background-color":"var(--ast-global-color-5)","background-image":"","background-repeat":"repeat","background-position":"center center","background-size":"auto","background-attachment":"scroll","background-type":"","background-media":"","overlay-type":"","overlay-color":"","overlay-opacity":"","overlay-gradient":""}},"footnotes":""},"class_list":["post-4422","page","type-page","status-publish","hentry"],"yoast_head":"<!-- This site is optimized with the Yoast SEO plugin v27.5 - https:\/\/yoast.com\/product\/yoast-seo-wordpress\/ -->\n<title>Datenschutzbestimmungen - Pharmanomos Sagl \u2013 Consulenza e Sistemi Qualit\u00e0 per Farmacie in Svizzera<\/title>\n<meta name=\"robots\" content=\"index, follow, max-snippet:-1, max-image-preview:large, max-video-preview:-1\" \/>\n<link rel=\"canonical\" href=\"https:\/\/pharmanomos.ch\/de\/datenschutzbestimmungen\/\" \/>\n<meta property=\"og:locale\" content=\"de_DE\" \/>\n<meta property=\"og:type\" content=\"article\" \/>\n<meta property=\"og:title\" content=\"Datenschutzbestimmungen - Pharmanomos Sagl \u2013 Consulenza e Sistemi Qualit\u00e0 per Farmacie in Svizzera\" \/>\n<meta property=\"og:description\" content=\"WEBSITE-DATENSCHUTZHINWEIS 1. EINLEITUNG PHARMANOMOS Sagl, ein nach Schweizer Recht gegr\u00fcndetes und bestehendes Unternehmen mit Sitz in Via Luigi Lavizzari 25, 6850 &#8211; Mendrisio, Schweiz (&#8222;PHARMANOMOS&#8220;) ist der f\u00fcr diese Website (die &#8222;Site&#8220;) verantwortliche Datenverwalter. PHARMANOMOS respektiert die Privatsph\u00e4re der G\u00e4ste der Website und verpflichtet sich zum Schutz ihrer pers\u00f6nlichen Daten und Informationen. PHARMANOMOS verpflichtet sich, [&hellip;]\" \/>\n<meta property=\"og:url\" content=\"https:\/\/pharmanomos.ch\/de\/datenschutzbestimmungen\/\" \/>\n<meta property=\"og:site_name\" content=\"Pharmanomos Sagl \u2013 Consulenza e Sistemi Qualit\u00e0 per Farmacie in Svizzera\" \/>\n<meta property=\"article:modified_time\" content=\"2025-07-23T08:56:57+00:00\" \/>\n<meta name=\"twitter:card\" content=\"summary_large_image\" \/>\n<meta name=\"twitter:label1\" content=\"Gesch\u00e4tzte Lesezeit\" \/>\n\t<meta name=\"twitter:data1\" content=\"3\u00a0Minuten\" \/>\n<script type=\"application\/ld+json\" class=\"yoast-schema-graph\">{\"@context\":\"https:\\\/\\\/schema.org\",\"@graph\":[{\"@type\":\"WebPage\",\"@id\":\"https:\\\/\\\/pharmanomos.ch\\\/de\\\/datenschutzbestimmungen\\\/\",\"url\":\"https:\\\/\\\/pharmanomos.ch\\\/de\\\/datenschutzbestimmungen\\\/\",\"name\":\"Datenschutzbestimmungen - Pharmanomos Sagl \u2013 Consulenza e Sistemi Qualit\u00e0 per Farmacie in Svizzera\",\"isPartOf\":{\"@id\":\"https:\\\/\\\/pharmanomos.ch\\\/en\\\/#website\"},\"datePublished\":\"2025-05-12T14:14:33+00:00\",\"dateModified\":\"2025-07-23T08:56:57+00:00\",\"breadcrumb\":{\"@id\":\"https:\\\/\\\/pharmanomos.ch\\\/de\\\/datenschutzbestimmungen\\\/#breadcrumb\"},\"inLanguage\":\"de\",\"potentialAction\":[{\"@type\":\"ReadAction\",\"target\":[\"https:\\\/\\\/pharmanomos.ch\\\/de\\\/datenschutzbestimmungen\\\/\"]}]},{\"@type\":\"BreadcrumbList\",\"@id\":\"https:\\\/\\\/pharmanomos.ch\\\/de\\\/datenschutzbestimmungen\\\/#breadcrumb\",\"itemListElement\":[{\"@type\":\"ListItem\",\"position\":1,\"name\":\"Home\",\"item\":\"https:\\\/\\\/pharmanomos.ch\\\/de\\\/\"},{\"@type\":\"ListItem\",\"position\":2,\"name\":\"Datenschutzbestimmungen\"}]},{\"@type\":\"WebSite\",\"@id\":\"https:\\\/\\\/pharmanomos.ch\\\/en\\\/#website\",\"url\":\"https:\\\/\\\/pharmanomos.ch\\\/en\\\/\",\"name\":\"Pharmanomos Sagl \u2013 Consulenza e Sistemi Qualit\u00e0 per Farmacie in Svizzera\",\"description\":\"Soluzioni su misura per la gestione della qualit\u00e0 nelle farmacie. Consulenza specializzata, documentazione digitale e area clienti riservata.\",\"publisher\":{\"@id\":\"https:\\\/\\\/pharmanomos.ch\\\/en\\\/#organization\"},\"potentialAction\":[{\"@type\":\"SearchAction\",\"target\":{\"@type\":\"EntryPoint\",\"urlTemplate\":\"https:\\\/\\\/pharmanomos.ch\\\/en\\\/?s={search_term_string}\"},\"query-input\":{\"@type\":\"PropertyValueSpecification\",\"valueRequired\":true,\"valueName\":\"search_term_string\"}}],\"inLanguage\":\"de\"},{\"@type\":\"Organization\",\"@id\":\"https:\\\/\\\/pharmanomos.ch\\\/en\\\/#organization\",\"name\":\"Pharmanomos Sagl \u2013 Consulenza e Sistemi Qualit\u00e0 per Farmacie in Svizzera\",\"url\":\"https:\\\/\\\/pharmanomos.ch\\\/en\\\/\",\"logo\":{\"@type\":\"ImageObject\",\"inLanguage\":\"de\",\"@id\":\"https:\\\/\\\/pharmanomos.ch\\\/en\\\/#\\\/schema\\\/logo\\\/image\\\/\",\"url\":\"https:\\\/\\\/pharmanomos.ch\\\/wp-content\\\/uploads\\\/2025\\\/05\\\/cropped-Logo-Pharmanomos-1-1.png\",\"contentUrl\":\"https:\\\/\\\/pharmanomos.ch\\\/wp-content\\\/uploads\\\/2025\\\/05\\\/cropped-Logo-Pharmanomos-1-1.png\",\"width\":766,\"height\":300,\"caption\":\"Pharmanomos Sagl \u2013 Consulenza e Sistemi Qualit\u00e0 per Farmacie in Svizzera\"},\"image\":{\"@id\":\"https:\\\/\\\/pharmanomos.ch\\\/en\\\/#\\\/schema\\\/logo\\\/image\\\/\"},\"sameAs\":[\"https:\\\/\\\/www.linkedin.com\\\/company\\\/pharmanomos-sagl\\\/\"]}]}<\/script>\n<!-- \/ Yoast SEO plugin. -->","yoast_head_json":{"title":"Datenschutzbestimmungen - Pharmanomos Sagl \u2013 Consulenza e Sistemi Qualit\u00e0 per Farmacie in Svizzera","robots":{"index":"index","follow":"follow","max-snippet":"max-snippet:-1","max-image-preview":"max-image-preview:large","max-video-preview":"max-video-preview:-1"},"canonical":"https:\/\/pharmanomos.ch\/de\/datenschutzbestimmungen\/","og_locale":"de_DE","og_type":"article","og_title":"Datenschutzbestimmungen - Pharmanomos Sagl \u2013 Consulenza e Sistemi Qualit\u00e0 per Farmacie in Svizzera","og_description":"WEBSITE-DATENSCHUTZHINWEIS 1. EINLEITUNG PHARMANOMOS Sagl, ein nach Schweizer Recht gegr\u00fcndetes und bestehendes Unternehmen mit Sitz in Via Luigi Lavizzari 25, 6850 &#8211; Mendrisio, Schweiz (&#8222;PHARMANOMOS&#8220;) ist der f\u00fcr diese Website (die &#8222;Site&#8220;) verantwortliche Datenverwalter. PHARMANOMOS respektiert die Privatsph\u00e4re der G\u00e4ste der Website und verpflichtet sich zum Schutz ihrer pers\u00f6nlichen Daten und Informationen. PHARMANOMOS verpflichtet sich, [&hellip;]","og_url":"https:\/\/pharmanomos.ch\/de\/datenschutzbestimmungen\/","og_site_name":"Pharmanomos Sagl \u2013 Consulenza e Sistemi Qualit\u00e0 per Farmacie in Svizzera","article_modified_time":"2025-07-23T08:56:57+00:00","twitter_card":"summary_large_image","twitter_misc":{"Gesch\u00e4tzte Lesezeit":"3\u00a0Minuten"},"schema":{"@context":"https:\/\/schema.org","@graph":[{"@type":"WebPage","@id":"https:\/\/pharmanomos.ch\/de\/datenschutzbestimmungen\/","url":"https:\/\/pharmanomos.ch\/de\/datenschutzbestimmungen\/","name":"Datenschutzbestimmungen - Pharmanomos Sagl \u2013 Consulenza e Sistemi Qualit\u00e0 per Farmacie in Svizzera","isPartOf":{"@id":"https:\/\/pharmanomos.ch\/en\/#website"},"datePublished":"2025-05-12T14:14:33+00:00","dateModified":"2025-07-23T08:56:57+00:00","breadcrumb":{"@id":"https:\/\/pharmanomos.ch\/de\/datenschutzbestimmungen\/#breadcrumb"},"inLanguage":"de","potentialAction":[{"@type":"ReadAction","target":["https:\/\/pharmanomos.ch\/de\/datenschutzbestimmungen\/"]}]},{"@type":"BreadcrumbList","@id":"https:\/\/pharmanomos.ch\/de\/datenschutzbestimmungen\/#breadcrumb","itemListElement":[{"@type":"ListItem","position":1,"name":"Home","item":"https:\/\/pharmanomos.ch\/de\/"},{"@type":"ListItem","position":2,"name":"Datenschutzbestimmungen"}]},{"@type":"WebSite","@id":"https:\/\/pharmanomos.ch\/en\/#website","url":"https:\/\/pharmanomos.ch\/en\/","name":"Pharmanomos Sagl \u2013 Consulenza e Sistemi Qualit\u00e0 per Farmacie in Svizzera","description":"Soluzioni su misura per la gestione della qualit\u00e0 nelle farmacie. Consulenza specializzata, documentazione digitale e area clienti riservata.","publisher":{"@id":"https:\/\/pharmanomos.ch\/en\/#organization"},"potentialAction":[{"@type":"SearchAction","target":{"@type":"EntryPoint","urlTemplate":"https:\/\/pharmanomos.ch\/en\/?s={search_term_string}"},"query-input":{"@type":"PropertyValueSpecification","valueRequired":true,"valueName":"search_term_string"}}],"inLanguage":"de"},{"@type":"Organization","@id":"https:\/\/pharmanomos.ch\/en\/#organization","name":"Pharmanomos Sagl \u2013 Consulenza e Sistemi Qualit\u00e0 per Farmacie in Svizzera","url":"https:\/\/pharmanomos.ch\/en\/","logo":{"@type":"ImageObject","inLanguage":"de","@id":"https:\/\/pharmanomos.ch\/en\/#\/schema\/logo\/image\/","url":"https:\/\/pharmanomos.ch\/wp-content\/uploads\/2025\/05\/cropped-Logo-Pharmanomos-1-1.png","contentUrl":"https:\/\/pharmanomos.ch\/wp-content\/uploads\/2025\/05\/cropped-Logo-Pharmanomos-1-1.png","width":766,"height":300,"caption":"Pharmanomos Sagl \u2013 Consulenza e Sistemi Qualit\u00e0 per Farmacie in Svizzera"},"image":{"@id":"https:\/\/pharmanomos.ch\/en\/#\/schema\/logo\/image\/"},"sameAs":["https:\/\/www.linkedin.com\/company\/pharmanomos-sagl\/"]}]}},"uagb_featured_image_src":{"full":false,"thumbnail":false,"medium":false,"medium_large":false,"large":false,"1536x1536":false,"2048x2048":false},"uagb_author_info":{"display_name":"giuseppe.cantoni.marketer@gmail.com","author_link":"https:\/\/pharmanomos.ch\/de\/author\/giuseppe-cantoni-marketergmail-com\/"},"uagb_comment_info":0,"uagb_excerpt":"WEBSITE-DATENSCHUTZHINWEIS 1. EINLEITUNG PHARMANOMOS Sagl, ein nach Schweizer Recht gegr\u00fcndetes und bestehendes Unternehmen mit Sitz in Via Luigi Lavizzari 25, 6850 &#8211; Mendrisio, Schweiz (&#8222;PHARMANOMOS&#8220;) ist der f\u00fcr diese Website (die &#8222;Site&#8220;) verantwortliche Datenverwalter. PHARMANOMOS respektiert die Privatsph\u00e4re der G\u00e4ste der Website und verpflichtet sich zum Schutz ihrer pers\u00f6nlichen Daten und Informationen. PHARMANOMOS verpflichtet sich,&hellip;","_links":{"self":[{"href":"https:\/\/pharmanomos.ch\/de\/wp-json\/wp\/v2\/pages\/4422","targetHints":{"allow":["GET"]}}],"collection":[{"href":"https:\/\/pharmanomos.ch\/de\/wp-json\/wp\/v2\/pages"}],"about":[{"href":"https:\/\/pharmanomos.ch\/de\/wp-json\/wp\/v2\/types\/page"}],"author":[{"embeddable":true,"href":"https:\/\/pharmanomos.ch\/de\/wp-json\/wp\/v2\/users\/1"}],"replies":[{"embeddable":true,"href":"https:\/\/pharmanomos.ch\/de\/wp-json\/wp\/v2\/comments?post=4422"}],"version-history":[{"count":1,"href":"https:\/\/pharmanomos.ch\/de\/wp-json\/wp\/v2\/pages\/4422\/revisions"}],"predecessor-version":[{"id":4424,"href":"https:\/\/pharmanomos.ch\/de\/wp-json\/wp\/v2\/pages\/4422\/revisions\/4424"}],"wp:attachment":[{"href":"https:\/\/pharmanomos.ch\/de\/wp-json\/wp\/v2\/media?parent=4422"}],"curies":[{"name":"wp","href":"https:\/\/api.w.org\/{rel}","templated":true}]}}