{"id":4427,"date":"2025-05-12T14:14:33","date_gmt":"2025-05-12T14:14:33","guid":{"rendered":"https:\/\/pharmanomos.ch\/politique-de-confidentialite\/"},"modified":"2025-07-23T08:56:57","modified_gmt":"2025-07-23T08:56:57","slug":"politique-de-confidentialite","status":"publish","type":"page","link":"https:\/\/pharmanomos.ch\/fr\/politique-de-confidentialite\/","title":{"rendered":"Politique de confidentialit\u00e9"},"content":{"rendered":"\n<div style=\"height:100px\" aria-hidden=\"true\" class=\"wp-block-spacer\"><\/div>\n\n<!-- WEBSITE PRIVACY NOTICE PHARMANOMOS -->\n<section class=\"privacy-notice\">\n  <h1>AVIS DE CONFIDENTIALIT\u00c9 DU SITE WEB<\/h1>\n\n  <h2>1. INTRODUCTION<\/h2>\n  <p>PHARMANOMOS Sagl, une soci\u00e9t\u00e9 organis\u00e9e et existant en vertu des lois suisses et ayant son si\u00e8ge social \u00e0 Via Luigi Lavizzari 25, 6850 &#8211; Mendrisio, Suisse (\u00ab\u00a0PHARMANOMOS\u00a0\u00bb) est le contr\u00f4leur des donn\u00e9es responsable de ce site web (le \u00ab\u00a0Site\u00a0\u00bb).<\/p>\n  <p>PHARMANOMOS respecte la vie priv\u00e9e des visiteurs du site et s&rsquo;engage \u00e0 prot\u00e9ger leurs donn\u00e9es et informations personnelles. PHARMANOMOS s&rsquo;engage \u00e0 prot\u00e9ger la s\u00e9curit\u00e9 des donn\u00e9es collect\u00e9es et prendra les mesures commercialement raisonnables pour prot\u00e9ger ces donn\u00e9es contre la destruction accidentelle ou ill\u00e9gale, la perte accidentelle, l&rsquo;alt\u00e9ration non autoris\u00e9e, la divulgation ou l&rsquo;acc\u00e8s non autoris\u00e9, l&rsquo;utilisation abusive et toute autre forme de traitement ill\u00e9gal. <\/p>\n  <p>En consid\u00e9ration de ce qui pr\u00e9c\u00e8de et conform\u00e9ment \u00e0 la loi f\u00e9d\u00e9rale suisse sur la protection des donn\u00e9es (LPD), PHARMANOMOS fournit par la pr\u00e9sente l&rsquo;avis de confidentialit\u00e9 suivant (l'\u00a0\u00bbavis de confidentialit\u00e9\u00a0\u00bb) pour informer les visiteurs du site (chacun, une \u00ab\u00a0personne concern\u00e9e\u00a0\u00bb).<\/p>\n  <p>Toutes les donn\u00e9es collect\u00e9es par PHARMANOMOS sont trait\u00e9es conform\u00e9ment au pr\u00e9sent avis de confidentialit\u00e9 et dans le respect total de la PDAA.<\/p>\n\n  <h2>2. D\u00c9FINITIONS<\/h2>\n  <p><strong>Donn\u00e9es personnelles :<\/strong> toute information concernant une personne concern\u00e9e qui l&rsquo;identifie ou la rend identifiable. Par le biais du site web, PHARMANOMOS collecte diverses donn\u00e9es personnelles, y compris, mais sans s&rsquo;y limiter : nom, pr\u00e9nom, adresse e-mail, num\u00e9ro de t\u00e9l\u00e9phone, adresse IP. <\/p>\n  <p><strong>Traitement :<\/strong> toute op\u00e9ration ou tout ensemble d&rsquo;op\u00e9rations effectu\u00e9es avec ou sans l&rsquo;aide de proc\u00e9d\u00e9s automatis\u00e9s, appliqu\u00e9es \u00e0 des donn\u00e9es ou des ensembles de donn\u00e9es \u00e0 caract\u00e8re personnel, telles que la collecte, l&rsquo;enregistrement, l&rsquo;organisation, la structuration, la conservation, l&rsquo;adaptation ou la modification, l&rsquo;extraction, la consultation, l&rsquo;utilisation, la communication par transmission, la diffusion ou toute autre forme de mise \u00e0 disposition, la comparaison ou l&rsquo;interconnexion, la limitation, l&rsquo;effacement ou la destruction.<\/p>\n  <p><strong>Personne concern\u00e9e : il<\/strong> s&rsquo;agit de la personne physique identifi\u00e9e ou identifiable. A titre d&rsquo;exemple (non exhaustif), l&rsquo;utilisateur qui navigue sur la plateforme et envoie, via la plateforme, une demande d&rsquo;information. <\/p>\n\n  <h2>3. CAT\u00c9GORIES DE DONN\u00c9ES PERSONNELLES TRAIT\u00c9ES PAR PHARMANOMOS<\/h2>\n  <ul>\n    <li><strong>Donn\u00e9es de navigation :<\/strong> collect\u00e9es automatiquement par le site. Bien qu&rsquo;elles ne permettent pas d&rsquo;identifier directement les utilisateurs, elles peuvent conduire \u00e0 une identification lorsqu&rsquo;elles sont associ\u00e9es \u00e0 d&rsquo;autres donn\u00e9es. Elles comprennent les adresses IP, les URI, le temps pass\u00e9 sur le site, les informations relatives au syst\u00e8me d&rsquo;exploitation et le comportement de navigation.  <\/li>\n    <li><strong>Donn\u00e9es divulgu\u00e9es volontairement :<\/strong> nom, pr\u00e9nom, adresse, courriel, t\u00e9l\u00e9phone, nationalit\u00e9 &#8211; soumises via des formulaires pour r\u00e9pondre aux demandes sp\u00e9cifiques des utilisateurs.<\/li>\n  <\/ul>\n\n  <h2>4. FINALIT\u00c9S DU TRAITEMENT<\/h2>\n  <ul>\n    <li><strong>Fonctionnement du site web :<\/strong> pour la navigation, la visualisation du contenu et la gestion technique. Cela inclut la transmission automatique de donn\u00e9es via les protocoles Internet. Les donn\u00e9es sont obligatoires pour le fonctionnement de la plate-forme.  <\/li>\n    <li><strong>Demandes de contact :<\/strong> donn\u00e9es telles que le nom et l&rsquo;adresse \u00e9lectronique utilis\u00e9es pour r\u00e9pondre aux demandes de renseignements par le biais de formulaires de contact.<\/li>\n  <\/ul>\n  <p>Base juridique : int\u00e9r\u00eat l\u00e9gitime ou mesures pr\u00e9contractuelles. Conservation des donn\u00e9es : dur\u00e9e de la session pour la navigation ; 10 ans pour les donn\u00e9es du formulaire de contact. <\/p>\n\n  <h2>5. DIVULGATION DES DONN\u00c9ES \u00c0 CARACT\u00c8RE PERSONNEL \u00c0 DES TIERS<\/h2>\n  <p>Les donn\u00e9es peuvent \u00eatre partag\u00e9es avec des fournisseurs de services informatiques, des gestionnaires de plates-formes web et des autorit\u00e9s pour remplir des obligations l\u00e9gales.<\/p>\n\n  <h2>6. TRANSFERT INTERNATIONAL DE DONN\u00c9ES \u00c0 CARACT\u00c8RE PERSONNEL<\/h2>\n  <p>Ce site est h\u00e9berg\u00e9 en Suisse. Aucun transfert de donn\u00e9es en dehors de la Conf\u00e9d\u00e9ration suisse. <\/p>\n\n  <h2>7. LIENS VERS DES SITES WEB DE TIERS<\/h2>\n  <p>Des liens externes peuvent \u00eatre fournis. PHARMANOMOS n&rsquo;est pas responsable du traitement des donn\u00e9es ou du contenu de ces sites tiers. <\/p>\n\n  <h2>8. DROITS DES PERSONNES CONCERN\u00c9ES<\/h2>\n  <p>Dans le cadre du FADP, les utilisateurs peuvent demander :<\/p>\n  <ul>\n    <li>Rectification des donn\u00e9es inexactes<\/li>\n    <li>Informations sur le traitement des donn\u00e9es<\/li>\n    <li>Retrait du consentement<\/li>\n    <li>Pr\u00e9vention du partage des donn\u00e9es<\/li>\n    <li>R\u00e9examen des d\u00e9cisions automatis\u00e9es<\/li>\n    <li>Portabilit\u00e9 des donn\u00e9es<\/li>\n    <li>Suspension ou destruction des donn\u00e9es<\/li>\n    <li>Annotation des donn\u00e9es contest\u00e9es<\/li>\n    <li>Notification des actions aux tiers<\/li>\n    <li>Confirmation d&rsquo;un traitement illicite<\/li>\n  <\/ul>\n  <p>Contact : <a href=\"mailto:info@pharmanomos.ch\">info@pharmanomos.ch<\/a><\/p>\n\n  <h2>9. MISES \u00c0 JOUR DE L&rsquo;AVIS DE CONFIDENTIALIT\u00c9<\/h2>\n  <p>PHARMANOMOS peut mettre \u00e0 jour cette notice sans pr\u00e9avis. Il est conseill\u00e9 aux utilisateurs de le v\u00e9rifier p\u00e9riodiquement. <\/p>\n\n  <h2>10. INFORMATIONS DE CONTACT<\/h2>\n  <address>\n  PHARMANOMOS Sagl<br\/> Via Luigi Lavizzari 25, 6850 &#8211; Mendrisio, Suisse<br\/> Email : <a href=\"mailto:info@pharmanomos.ch\">info@pharmanomos.ch<\/a>\n  <\/address>\n\n  <p><strong>VEUILLEZ NOTER QUE VOTRE UTILISATION DE CE SITE CONSTITUE UNE ACCEPTATION DES TERMES DE L&rsquo;AVIS DE CONFIDENTIALITE ET DE SES MISES A JOUR.<\/strong><\/p>\n  <p><em>Derni\u00e8re mise \u00e0 jour : 4 juin 2025<\/em><\/p>\n<\/section>\n<!-- \/WEBSITE PRIVACY NOTICE -->\n\n<div style=\"height:100px\" aria-hidden=\"true\" class=\"wp-block-spacer\"><\/div>\n","protected":false},"excerpt":{"rendered":"<p>AVIS DE CONFIDENTIALIT\u00c9 DU SITE WEB 1. INTRODUCTION PHARMANOMOS Sagl, une soci\u00e9t\u00e9 organis\u00e9e et existant en vertu des lois suisses et ayant son si\u00e8ge social \u00e0 Via Luigi Lavizzari 25, 6850 &#8211; Mendrisio, Suisse (\u00ab\u00a0PHARMANOMOS\u00a0\u00bb) est le contr\u00f4leur des donn\u00e9es responsable de ce site web (le \u00ab\u00a0Site\u00a0\u00bb). PHARMANOMOS respecte la vie priv\u00e9e des visiteurs du [&hellip;]<\/p>\n","protected":false},"author":1,"featured_media":0,"parent":0,"menu_order":0,"comment_status":"closed","ping_status":"open","template":"","meta":{"_uag_custom_page_level_css":"","site-sidebar-layout":"default","site-content-layout":"","ast-site-content-layout":"default","site-content-style":"default","site-sidebar-style":"default","ast-global-header-display":"","ast-banner-title-visibility":"","ast-main-header-display":"","ast-hfb-above-header-display":"","ast-hfb-below-header-display":"","ast-hfb-mobile-header-display":"","site-post-title":"","ast-breadcrumbs-content":"","ast-featured-img":"","footer-sml-layout":"","theme-transparent-header-meta":"","adv-header-id-meta":"","stick-header-meta":"","header-above-stick-meta":"","header-main-stick-meta":"","header-below-stick-meta":"","astra-migrate-meta-layouts":"default","ast-page-background-enabled":"default","ast-page-background-meta":{"desktop":{"background-color":"var(--ast-global-color-4)","background-image":"","background-repeat":"repeat","background-position":"center center","background-size":"auto","background-attachment":"scroll","background-type":"","background-media":"","overlay-type":"","overlay-color":"","overlay-opacity":"","overlay-gradient":""},"tablet":{"background-color":"","background-image":"","background-repeat":"repeat","background-position":"center center","background-size":"auto","background-attachment":"scroll","background-type":"","background-media":"","overlay-type":"","overlay-color":"","overlay-opacity":"","overlay-gradient":""},"mobile":{"background-color":"","background-image":"","background-repeat":"repeat","background-position":"center center","background-size":"auto","background-attachment":"scroll","background-type":"","background-media":"","overlay-type":"","overlay-color":"","overlay-opacity":"","overlay-gradient":""}},"ast-content-background-meta":{"desktop":{"background-color":"var(--ast-global-color-5)","background-image":"","background-repeat":"repeat","background-position":"center center","background-size":"auto","background-attachment":"scroll","background-type":"","background-media":"","overlay-type":"","overlay-color":"","overlay-opacity":"","overlay-gradient":""},"tablet":{"background-color":"var(--ast-global-color-5)","background-image":"","background-repeat":"repeat","background-position":"center center","background-size":"auto","background-attachment":"scroll","background-type":"","background-media":"","overlay-type":"","overlay-color":"","overlay-opacity":"","overlay-gradient":""},"mobile":{"background-color":"var(--ast-global-color-5)","background-image":"","background-repeat":"repeat","background-position":"center center","background-size":"auto","background-attachment":"scroll","background-type":"","background-media":"","overlay-type":"","overlay-color":"","overlay-opacity":"","overlay-gradient":""}},"footnotes":""},"class_list":["post-4427","page","type-page","status-publish","hentry"],"yoast_head":"<!-- This site is optimized with the Yoast SEO plugin v27.5 - https:\/\/yoast.com\/product\/yoast-seo-wordpress\/ -->\n<title>Politique de confidentialit\u00e9 - Pharmanomos Sagl \u2013 Consulenza e Sistemi Qualit\u00e0 per Farmacie in Svizzera<\/title>\n<meta name=\"robots\" content=\"index, follow, max-snippet:-1, max-image-preview:large, max-video-preview:-1\" \/>\n<link rel=\"canonical\" href=\"https:\/\/pharmanomos.ch\/fr\/politique-de-confidentialite\/\" \/>\n<meta property=\"og:locale\" content=\"fr_FR\" \/>\n<meta property=\"og:type\" content=\"article\" \/>\n<meta property=\"og:title\" content=\"Politique de confidentialit\u00e9 - Pharmanomos Sagl \u2013 Consulenza e Sistemi Qualit\u00e0 per Farmacie in Svizzera\" \/>\n<meta property=\"og:description\" content=\"AVIS DE CONFIDENTIALIT\u00c9 DU SITE WEB 1. INTRODUCTION PHARMANOMOS Sagl, une soci\u00e9t\u00e9 organis\u00e9e et existant en vertu des lois suisses et ayant son si\u00e8ge social \u00e0 Via Luigi Lavizzari 25, 6850 &#8211; Mendrisio, Suisse (\u00ab\u00a0PHARMANOMOS\u00a0\u00bb) est le contr\u00f4leur des donn\u00e9es responsable de ce site web (le \u00ab\u00a0Site\u00a0\u00bb). PHARMANOMOS respecte la vie priv\u00e9e des visiteurs du [&hellip;]\" \/>\n<meta property=\"og:url\" content=\"https:\/\/pharmanomos.ch\/fr\/politique-de-confidentialite\/\" \/>\n<meta property=\"og:site_name\" content=\"Pharmanomos Sagl \u2013 Consulenza e Sistemi Qualit\u00e0 per Farmacie in Svizzera\" \/>\n<meta property=\"article:modified_time\" content=\"2025-07-23T08:56:57+00:00\" \/>\n<meta name=\"twitter:card\" content=\"summary_large_image\" \/>\n<meta name=\"twitter:label1\" content=\"Dur\u00e9e de lecture estim\u00e9e\" \/>\n\t<meta name=\"twitter:data1\" content=\"4 minutes\" \/>\n<script type=\"application\/ld+json\" class=\"yoast-schema-graph\">{\"@context\":\"https:\\\/\\\/schema.org\",\"@graph\":[{\"@type\":\"WebPage\",\"@id\":\"https:\\\/\\\/pharmanomos.ch\\\/fr\\\/politique-de-confidentialite\\\/\",\"url\":\"https:\\\/\\\/pharmanomos.ch\\\/fr\\\/politique-de-confidentialite\\\/\",\"name\":\"Politique de confidentialit\u00e9 - Pharmanomos Sagl \u2013 Consulenza e Sistemi Qualit\u00e0 per Farmacie in Svizzera\",\"isPartOf\":{\"@id\":\"https:\\\/\\\/pharmanomos.ch\\\/en\\\/#website\"},\"datePublished\":\"2025-05-12T14:14:33+00:00\",\"dateModified\":\"2025-07-23T08:56:57+00:00\",\"breadcrumb\":{\"@id\":\"https:\\\/\\\/pharmanomos.ch\\\/fr\\\/politique-de-confidentialite\\\/#breadcrumb\"},\"inLanguage\":\"fr-FR\",\"potentialAction\":[{\"@type\":\"ReadAction\",\"target\":[\"https:\\\/\\\/pharmanomos.ch\\\/fr\\\/politique-de-confidentialite\\\/\"]}]},{\"@type\":\"BreadcrumbList\",\"@id\":\"https:\\\/\\\/pharmanomos.ch\\\/fr\\\/politique-de-confidentialite\\\/#breadcrumb\",\"itemListElement\":[{\"@type\":\"ListItem\",\"position\":1,\"name\":\"Home\",\"item\":\"https:\\\/\\\/pharmanomos.ch\\\/fr\\\/\"},{\"@type\":\"ListItem\",\"position\":2,\"name\":\"Politique de confidentialit\u00e9\"}]},{\"@type\":\"WebSite\",\"@id\":\"https:\\\/\\\/pharmanomos.ch\\\/en\\\/#website\",\"url\":\"https:\\\/\\\/pharmanomos.ch\\\/en\\\/\",\"name\":\"Pharmanomos Sagl \u2013 Consulenza e Sistemi Qualit\u00e0 per Farmacie in Svizzera\",\"description\":\"Soluzioni su misura per la gestione della qualit\u00e0 nelle farmacie. Consulenza specializzata, documentazione digitale e area clienti riservata.\",\"publisher\":{\"@id\":\"https:\\\/\\\/pharmanomos.ch\\\/en\\\/#organization\"},\"potentialAction\":[{\"@type\":\"SearchAction\",\"target\":{\"@type\":\"EntryPoint\",\"urlTemplate\":\"https:\\\/\\\/pharmanomos.ch\\\/en\\\/?s={search_term_string}\"},\"query-input\":{\"@type\":\"PropertyValueSpecification\",\"valueRequired\":true,\"valueName\":\"search_term_string\"}}],\"inLanguage\":\"fr-FR\"},{\"@type\":\"Organization\",\"@id\":\"https:\\\/\\\/pharmanomos.ch\\\/en\\\/#organization\",\"name\":\"Pharmanomos Sagl \u2013 Consulenza e Sistemi Qualit\u00e0 per Farmacie in Svizzera\",\"url\":\"https:\\\/\\\/pharmanomos.ch\\\/en\\\/\",\"logo\":{\"@type\":\"ImageObject\",\"inLanguage\":\"fr-FR\",\"@id\":\"https:\\\/\\\/pharmanomos.ch\\\/en\\\/#\\\/schema\\\/logo\\\/image\\\/\",\"url\":\"https:\\\/\\\/pharmanomos.ch\\\/wp-content\\\/uploads\\\/2025\\\/05\\\/cropped-Logo-Pharmanomos-1-1.png\",\"contentUrl\":\"https:\\\/\\\/pharmanomos.ch\\\/wp-content\\\/uploads\\\/2025\\\/05\\\/cropped-Logo-Pharmanomos-1-1.png\",\"width\":766,\"height\":300,\"caption\":\"Pharmanomos Sagl \u2013 Consulenza e Sistemi Qualit\u00e0 per Farmacie in Svizzera\"},\"image\":{\"@id\":\"https:\\\/\\\/pharmanomos.ch\\\/en\\\/#\\\/schema\\\/logo\\\/image\\\/\"},\"sameAs\":[\"https:\\\/\\\/www.linkedin.com\\\/company\\\/pharmanomos-sagl\\\/\"]}]}<\/script>\n<!-- \/ Yoast SEO plugin. -->","yoast_head_json":{"title":"Politique de confidentialit\u00e9 - Pharmanomos Sagl \u2013 Consulenza e Sistemi Qualit\u00e0 per Farmacie in Svizzera","robots":{"index":"index","follow":"follow","max-snippet":"max-snippet:-1","max-image-preview":"max-image-preview:large","max-video-preview":"max-video-preview:-1"},"canonical":"https:\/\/pharmanomos.ch\/fr\/politique-de-confidentialite\/","og_locale":"fr_FR","og_type":"article","og_title":"Politique de confidentialit\u00e9 - Pharmanomos Sagl \u2013 Consulenza e Sistemi Qualit\u00e0 per Farmacie in Svizzera","og_description":"AVIS DE CONFIDENTIALIT\u00c9 DU SITE WEB 1. INTRODUCTION PHARMANOMOS Sagl, une soci\u00e9t\u00e9 organis\u00e9e et existant en vertu des lois suisses et ayant son si\u00e8ge social \u00e0 Via Luigi Lavizzari 25, 6850 &#8211; Mendrisio, Suisse (\u00ab\u00a0PHARMANOMOS\u00a0\u00bb) est le contr\u00f4leur des donn\u00e9es responsable de ce site web (le \u00ab\u00a0Site\u00a0\u00bb). PHARMANOMOS respecte la vie priv\u00e9e des visiteurs du [&hellip;]","og_url":"https:\/\/pharmanomos.ch\/fr\/politique-de-confidentialite\/","og_site_name":"Pharmanomos Sagl \u2013 Consulenza e Sistemi Qualit\u00e0 per Farmacie in Svizzera","article_modified_time":"2025-07-23T08:56:57+00:00","twitter_card":"summary_large_image","twitter_misc":{"Dur\u00e9e de lecture estim\u00e9e":"4 minutes"},"schema":{"@context":"https:\/\/schema.org","@graph":[{"@type":"WebPage","@id":"https:\/\/pharmanomos.ch\/fr\/politique-de-confidentialite\/","url":"https:\/\/pharmanomos.ch\/fr\/politique-de-confidentialite\/","name":"Politique de confidentialit\u00e9 - Pharmanomos Sagl \u2013 Consulenza e Sistemi Qualit\u00e0 per Farmacie in Svizzera","isPartOf":{"@id":"https:\/\/pharmanomos.ch\/en\/#website"},"datePublished":"2025-05-12T14:14:33+00:00","dateModified":"2025-07-23T08:56:57+00:00","breadcrumb":{"@id":"https:\/\/pharmanomos.ch\/fr\/politique-de-confidentialite\/#breadcrumb"},"inLanguage":"fr-FR","potentialAction":[{"@type":"ReadAction","target":["https:\/\/pharmanomos.ch\/fr\/politique-de-confidentialite\/"]}]},{"@type":"BreadcrumbList","@id":"https:\/\/pharmanomos.ch\/fr\/politique-de-confidentialite\/#breadcrumb","itemListElement":[{"@type":"ListItem","position":1,"name":"Home","item":"https:\/\/pharmanomos.ch\/fr\/"},{"@type":"ListItem","position":2,"name":"Politique de confidentialit\u00e9"}]},{"@type":"WebSite","@id":"https:\/\/pharmanomos.ch\/en\/#website","url":"https:\/\/pharmanomos.ch\/en\/","name":"Pharmanomos Sagl \u2013 Consulenza e Sistemi Qualit\u00e0 per Farmacie in Svizzera","description":"Soluzioni su misura per la gestione della qualit\u00e0 nelle farmacie. Consulenza specializzata, documentazione digitale e area clienti riservata.","publisher":{"@id":"https:\/\/pharmanomos.ch\/en\/#organization"},"potentialAction":[{"@type":"SearchAction","target":{"@type":"EntryPoint","urlTemplate":"https:\/\/pharmanomos.ch\/en\/?s={search_term_string}"},"query-input":{"@type":"PropertyValueSpecification","valueRequired":true,"valueName":"search_term_string"}}],"inLanguage":"fr-FR"},{"@type":"Organization","@id":"https:\/\/pharmanomos.ch\/en\/#organization","name":"Pharmanomos Sagl \u2013 Consulenza e Sistemi Qualit\u00e0 per Farmacie in Svizzera","url":"https:\/\/pharmanomos.ch\/en\/","logo":{"@type":"ImageObject","inLanguage":"fr-FR","@id":"https:\/\/pharmanomos.ch\/en\/#\/schema\/logo\/image\/","url":"https:\/\/pharmanomos.ch\/wp-content\/uploads\/2025\/05\/cropped-Logo-Pharmanomos-1-1.png","contentUrl":"https:\/\/pharmanomos.ch\/wp-content\/uploads\/2025\/05\/cropped-Logo-Pharmanomos-1-1.png","width":766,"height":300,"caption":"Pharmanomos Sagl \u2013 Consulenza e Sistemi Qualit\u00e0 per Farmacie in Svizzera"},"image":{"@id":"https:\/\/pharmanomos.ch\/en\/#\/schema\/logo\/image\/"},"sameAs":["https:\/\/www.linkedin.com\/company\/pharmanomos-sagl\/"]}]}},"uagb_featured_image_src":{"full":false,"thumbnail":false,"medium":false,"medium_large":false,"large":false,"1536x1536":false,"2048x2048":false},"uagb_author_info":{"display_name":"giuseppe.cantoni.marketer@gmail.com","author_link":"https:\/\/pharmanomos.ch\/fr\/author\/giuseppe-cantoni-marketergmail-com\/"},"uagb_comment_info":0,"uagb_excerpt":"AVIS DE CONFIDENTIALIT\u00c9 DU SITE WEB 1. INTRODUCTION PHARMANOMOS Sagl, une soci\u00e9t\u00e9 organis\u00e9e et existant en vertu des lois suisses et ayant son si\u00e8ge social \u00e0 Via Luigi Lavizzari 25, 6850 &#8211; Mendrisio, Suisse (\u00ab\u00a0PHARMANOMOS\u00a0\u00bb) est le contr\u00f4leur des donn\u00e9es responsable de ce site web (le \u00ab\u00a0Site\u00a0\u00bb). PHARMANOMOS respecte la vie priv\u00e9e des visiteurs du\u2026","_links":{"self":[{"href":"https:\/\/pharmanomos.ch\/fr\/wp-json\/wp\/v2\/pages\/4427","targetHints":{"allow":["GET"]}}],"collection":[{"href":"https:\/\/pharmanomos.ch\/fr\/wp-json\/wp\/v2\/pages"}],"about":[{"href":"https:\/\/pharmanomos.ch\/fr\/wp-json\/wp\/v2\/types\/page"}],"author":[{"embeddable":true,"href":"https:\/\/pharmanomos.ch\/fr\/wp-json\/wp\/v2\/users\/1"}],"replies":[{"embeddable":true,"href":"https:\/\/pharmanomos.ch\/fr\/wp-json\/wp\/v2\/comments?post=4427"}],"version-history":[{"count":1,"href":"https:\/\/pharmanomos.ch\/fr\/wp-json\/wp\/v2\/pages\/4427\/revisions"}],"predecessor-version":[{"id":4429,"href":"https:\/\/pharmanomos.ch\/fr\/wp-json\/wp\/v2\/pages\/4427\/revisions\/4429"}],"wp:attachment":[{"href":"https:\/\/pharmanomos.ch\/fr\/wp-json\/wp\/v2\/media?parent=4427"}],"curies":[{"name":"wp","href":"https:\/\/api.w.org\/{rel}","templated":true}]}}